{"id":37862,"date":"2022-07-07T13:52:12","date_gmt":"2022-07-07T11:52:12","guid":{"rendered":"http:\/\/6g-ric.k01p28.meinserver.io\/?page_id=37862"},"modified":"2023-11-23T17:30:24","modified_gmt":"2023-11-23T16:30:24","slug":"konsortium","status":"publish","type":"page","link":"https:\/\/www.eav-infra.de\/en\/consortium\/","title":{"rendered":"Consortium"},"content":{"rendered":"<div data-elementor-type=\"wp-page\" data-elementor-id=\"37862\" class=\"elementor elementor-37862\" data-elementor-post-type=\"page\">\n\t\t\t\t<div class=\"elementor-element elementor-element-ee5f5eb e-con-full e-flex e-con e-parent\" data-id=\"ee5f5eb\" data-element_type=\"container\">\n\t\t<div class=\"elementor-element elementor-element-98c9def e-con-full e-flex e-con e-child\" data-id=\"98c9def\" data-element_type=\"container\">\n\t\t\t\t<div class=\"elementor-element elementor-element-873ce7e elementor-widget elementor-widget-shortcode\" data-id=\"873ce7e\" data-element_type=\"widget\" data-widget_type=\"shortcode.default\">\n\t\t\t\t<div class=\"elementor-widget-container\">\n\t\t\t\t\t\t\t<div class=\"elementor-shortcode\"><div class=\"ditty ditty--pre\" data-id=\"41137\" data-uniqid=\"ditty-69fb4dcfc8b2f\"><\/div><\/div>\n\t\t\t\t\t\t<\/div>\n\t\t\t\t<\/div>\n\t\t\t\t<\/div>\n\t\t\t\t<\/div>\n\t\t<div class=\"elementor-element elementor-element-144e9ff e-con-full e-flex e-con e-parent\" data-id=\"144e9ff\" data-element_type=\"container\" id=\"particles-js\" data-settings=\"{&quot;background_background&quot;:&quot;gradient&quot;}\">\n\t\t<div class=\"elementor-element elementor-element-fd753a7 e-con-full e-flex e-con e-child\" data-id=\"fd753a7\" data-element_type=\"container\">\n\t\t\t\t<div class=\"elementor-element elementor-element-f830642 elementor-widget elementor-widget-html\" data-id=\"f830642\" data-element_type=\"widget\" data-widget_type=\"html.default\">\n\t\t\t\t<div class=\"elementor-widget-container\">\n\t\t\t\t\t<style>\n.particles-js-canvas-el {\n    width: 100%;\n    height: 100%;\n    position: absolute;\n    z-index: 0;\n    top: 0;\n    left:0;\n}\n<\/style>\n<script src=\"https:\/\/cdn.jsdelivr.net\/particles.js\/2.0.0\/particles.min.js\"><\/script> \n<script>\nparticlesJS(\"particles-js\", {\"particles\":{\"number\":{\"value\":80,\"density\":{\"enable\":true,\"value_area\":800}},\"color\":{\"value\":\"#ffffff\"},\"shape\":{\"type\":\"circle\",\"stroke\":{\"width\":0,\"color\":\"#000000\"},\"polygon\":{\"nb_sides\":5},\"image\":{\"src\":\"img\/github.svg\",\"width\":100,\"height\":100}},\"opacity\":{\"value\":0.5,\"random\":false,\"anim\":{\"enable\":false,\"speed\":1,\"opacity_min\":0.1,\"sync\":false}},\"size\":{\"value\":3,\"random\":false,\"anim\":{\"enable\":false,\"speed\":40,\"size_min\":0.1,\"sync\":false}},\"line_linked\":{\"enable\":true,\"distance\":150,\"color\":\"#ffffff\",\"opacity\":0.4,\"width\":1},\"move\":{\"enable\":true,\"speed\":4,\"direction\":\"none\",\"random\":false,\"straight\":false,\"out_mode\":\"out\",\"bounce\":false,\"attract\":{\"enable\":false,\"rotateX\":600,\"rotateY\":1200}}},\"interactivity\":{\"detect_on\":\"canvas\",\"events\":{\"onhover\":{\"enable\":true,\"mode\":\"repulse\"},\"onclick\":{\"enable\":true,\"mode\":\"push\"},\"resize\":true},\"modes\":{\"grab\":{\"distance\":400,\"line_linked\":{\"opacity\":1}},\"bubble\":{\"distance\":400,\"size\":40,\"duration\":2,\"opacity\":8,\"speed\":3},\"repulse\":{\"distance\":200,\"duration\":0.4},\"push\":{\"particles_nb\":4},\"remove\":{\"particles_nb\":2}}},\"retina_detect\":true});var count_particles, stats, update; stats = new Stats; stats.setMode(0); stats.domElement.style.position = 'absolute'; stats.domElement.style.left = '0px'; stats.domElement.style.top = '0px'; document.body.appendChild(stats.domElement); count_particles = document.querySelector('.js-count-particles'); update = function() { stats.begin(); stats.end(); if (window.pJSDom[0].pJS.particles && window.pJSDom[0].pJS.particles.array) { count_particles.innerText = window.pJSDom[0].pJS.particles.array.length; } requestAnimationFrame(update); }; requestAnimationFrame(update);;\n<\/script>\t\t\t\t<\/div>\n\t\t\t\t<\/div>\n\t\t\t\t<div class=\"elementor-element elementor-element-3c38367 animated-slow elementor-widget__width-inherit word-wrap-h1 elementor-invisible elementor-widget elementor-widget-heading\" data-id=\"3c38367\" data-element_type=\"widget\" data-settings=\"{&quot;_animation&quot;:&quot;fadeIn&quot;}\" data-widget_type=\"heading.default\">\n\t\t\t\t<div class=\"elementor-widget-container\">\n\t\t\t\t\t<h1 class=\"elementor-heading-title elementor-size-default\">The Consortium<\/h1>\t\t\t\t<\/div>\n\t\t\t\t<\/div>\n\t\t\t\t<\/div>\n\t\t\t\t<\/div>\n\t\t<div class=\"elementor-element elementor-element-11be496 e-flex e-con-boxed e-con e-parent\" data-id=\"11be496\" data-element_type=\"container\" data-settings=\"{&quot;background_background&quot;:&quot;classic&quot;}\">\n\t\t\t\t\t<div class=\"e-con-inner\">\n\t\t<div class=\"elementor-element elementor-element-7e2288b e-con-full e-flex e-con e-child\" data-id=\"7e2288b\" data-element_type=\"container\">\n\t\t\t\t<div class=\"elementor-element elementor-element-7bd9269 animated-slow elementor-invisible elementor-widget elementor-widget-heading\" data-id=\"7bd9269\" data-element_type=\"widget\" id=\"liste-aller-konsortialpartner\" data-settings=\"{&quot;_animation&quot;:&quot;fadeIn&quot;}\" data-widget_type=\"heading.default\">\n\t\t\t\t<div class=\"elementor-widget-container\">\n\t\t\t\t\t<h3 class=\"elementor-heading-title elementor-size-default\">Projektpartner<\/h3>\t\t\t\t<\/div>\n\t\t\t\t<\/div>\n\t\t<div class=\"elementor-element elementor-element-656552c e-con-full e-flex e-con e-child\" data-id=\"656552c\" data-element_type=\"container\">\n\t\t<div class=\"elementor-element elementor-element-69448ce e-con-full e-flex e-con e-child\" data-id=\"69448ce\" data-element_type=\"container\">\n\t\t\t\t<div class=\"elementor-element elementor-element-0930120 logo-archimedes elementor-widget__width-initial elementor-position-top elementor-widget elementor-widget-image-box\" data-id=\"0930120\" data-element_type=\"widget\" data-widget_type=\"image-box.default\">\n\t\t\t\t<div class=\"elementor-widget-container\">\n\t\t\t\t\t<div class=\"elementor-image-box-wrapper\"><figure class=\"elementor-image-box-img\"><a href=\"https:\/\/www.apluss.de\/willkommen.html\" target=\"_blank\" tabindex=\"-1\"><img fetchpriority=\"high\" decoding=\"async\" width=\"555\" height=\"530\" src=\"https:\/\/www.eav-infra.de\/wp-content\/uploads\/2023\/09\/logo_fahne_apluss-e1694686336836.png\" class=\"attachment-full size-full wp-image-44239\" alt=\"\" srcset=\"https:\/\/www.eav-infra.de\/wp-content\/uploads\/2023\/09\/logo_fahne_apluss-e1694686336836.png 555w, https:\/\/www.eav-infra.de\/wp-content\/uploads\/2023\/09\/logo_fahne_apluss-e1694686336836-300x286.png 300w, https:\/\/www.eav-infra.de\/wp-content\/uploads\/2023\/09\/logo_fahne_apluss-e1694686336836-13x12.png 13w\" sizes=\"(max-width: 555px) 100vw, 555px\" \/><\/a><\/figure><div class=\"elementor-image-box-content\"><h3 class=\"elementor-image-box-title\"><a href=\"https:\/\/www.apluss.de\/willkommen.html\" target=\"_blank\">A+S Consult GmbH FuE (Verbundkoordinator)<\/a><\/h3><p class=\"elementor-image-box-description\">\nis an engineering and software company in the field of traffic and infrastructure planning. The BIM platform KorFin\u00ae is intended to be expanded in the project to include real-time processing, calculation of noise protection measures, auralization, and AI-based evaluation.<\/p><\/div><\/div>\t\t\t\t<\/div>\n\t\t\t\t<\/div>\n\t\t\t\t<\/div>\n\t\t<div class=\"elementor-element elementor-element-6677552 e-con-full e-flex e-con e-child\" data-id=\"6677552\" data-element_type=\"container\">\n\t\t\t\t<div class=\"elementor-element elementor-element-270a327 elementor-position-top elementor-widget elementor-widget-image-box\" data-id=\"270a327\" data-element_type=\"widget\" data-widget_type=\"image-box.default\">\n\t\t\t\t<div class=\"elementor-widget-container\">\n\t\t\t\t\t<div class=\"elementor-image-box-wrapper\"><figure class=\"elementor-image-box-img\"><a href=\"http:\/\/mopa.de\/\" target=\"_blank\" tabindex=\"-1\"><img decoding=\"async\" width=\"916\" height=\"331\" src=\"https:\/\/www.eav-infra.de\/wp-content\/uploads\/2023\/11\/221102_Mopa_Logos_CMYK_Allgemein.png\" class=\"attachment-full size-full wp-image-44415\" alt=\"\" srcset=\"https:\/\/www.eav-infra.de\/wp-content\/uploads\/2023\/11\/221102_Mopa_Logos_CMYK_Allgemein.png 916w, https:\/\/www.eav-infra.de\/wp-content\/uploads\/2023\/11\/221102_Mopa_Logos_CMYK_Allgemein-300x108.png 300w, https:\/\/www.eav-infra.de\/wp-content\/uploads\/2023\/11\/221102_Mopa_Logos_CMYK_Allgemein-768x278.png 768w, https:\/\/www.eav-infra.de\/wp-content\/uploads\/2023\/11\/221102_Mopa_Logos_CMYK_Allgemein-18x7.png 18w\" sizes=\"(max-width: 916px) 100vw, 916px\" \/><\/a><\/figure><div class=\"elementor-image-box-content\"><h3 class=\"elementor-image-box-title\"><a href=\"http:\/\/mopa.de\/\" target=\"_blank\">M\u00f6hler + Partner Ingenieure GmbH<\/a><\/h3><p class=\"elementor-image-box-description\"> is active in the fields of traffic noise protection, vibration protection, emission protection, and psychoacoustics. In the project, their tasks involve modeling the emission situation and subjective noise assessment.<\/p><\/div><\/div>\t\t\t\t<\/div>\n\t\t\t\t<\/div>\n\t\t\t\t<\/div>\n\t\t\t\t<\/div>\n\t\t<div class=\"elementor-element elementor-element-3e559ce e-con-full e-flex e-con e-child\" data-id=\"3e559ce\" data-element_type=\"container\">\n\t\t<div class=\"elementor-element elementor-element-7da5663 e-con-full e-flex e-con e-child\" data-id=\"7da5663\" data-element_type=\"container\">\n\t\t\t\t<div class=\"elementor-element elementor-element-ccda797 elementor-position-top elementor-widget elementor-widget-image-box\" data-id=\"ccda797\" data-element_type=\"widget\" data-widget_type=\"image-box.default\">\n\t\t\t\t<div class=\"elementor-widget-container\">\n\t\t\t\t\t<div class=\"elementor-image-box-wrapper\"><figure class=\"elementor-image-box-img\"><a href=\"https:\/\/www.hhi.fraunhofer.de\/index.html\" target=\"_blank\" tabindex=\"-1\"><img decoding=\"async\" width=\"900\" height=\"900\" src=\"https:\/\/www.eav-infra.de\/wp-content\/uploads\/2023\/09\/unnamed.jpg\" class=\"attachment-full size-full wp-image-44241\" alt=\"\" srcset=\"https:\/\/www.eav-infra.de\/wp-content\/uploads\/2023\/09\/unnamed.jpg 900w, https:\/\/www.eav-infra.de\/wp-content\/uploads\/2023\/09\/unnamed-300x300.jpg 300w, https:\/\/www.eav-infra.de\/wp-content\/uploads\/2023\/09\/unnamed-150x150.jpg 150w, https:\/\/www.eav-infra.de\/wp-content\/uploads\/2023\/09\/unnamed-768x768.jpg 768w, https:\/\/www.eav-infra.de\/wp-content\/uploads\/2023\/09\/unnamed-12x12.jpg 12w\" sizes=\"(max-width: 900px) 100vw, 900px\" \/><\/a><\/figure><div class=\"elementor-image-box-content\"><h3 class=\"elementor-image-box-title\"><a href=\"https:\/\/www.hhi.fraunhofer.de\/index.html\" target=\"_blank\">Fraunhofer Heinrich-Hertz-Institute<\/a><\/h3><p class=\"elementor-image-box-description\">has experience in the areas of 3D audio and video processing, computer vision\/graphics, and AI. In the project, HHI brings its expertise in the audiovisual simulation of traffic infrastructure and auralization.<\/p><\/div><\/div>\t\t\t\t<\/div>\n\t\t\t\t<\/div>\n\t\t\t\t<\/div>\n\t\t<div class=\"elementor-element elementor-element-3c3406b e-con-full e-flex e-con e-child\" data-id=\"3c3406b\" data-element_type=\"container\">\n\t\t\t\t<div class=\"elementor-element elementor-element-550227e elementor-position-top elementor-widget elementor-widget-image-box\" data-id=\"550227e\" data-element_type=\"widget\" data-widget_type=\"image-box.default\">\n\t\t\t\t<div class=\"elementor-widget-container\">\n\t\t\t\t\t<div class=\"elementor-image-box-wrapper\"><figure class=\"elementor-image-box-img\"><a href=\"https:\/\/www.desag-holding.de\/de\/\" target=\"_blank\" tabindex=\"-1\"><img loading=\"lazy\" decoding=\"async\" width=\"186\" height=\"182\" src=\"https:\/\/www.eav-infra.de\/wp-content\/uploads\/2023\/09\/Logo-DESAG-1-e1694686512975.png\" class=\"attachment-full size-full wp-image-44242\" alt=\"\" srcset=\"https:\/\/www.eav-infra.de\/wp-content\/uploads\/2023\/09\/Logo-DESAG-1-e1694686512975.png 186w, https:\/\/www.eav-infra.de\/wp-content\/uploads\/2023\/09\/Logo-DESAG-1-e1694686512975-12x12.png 12w\" sizes=\"(max-width: 186px) 100vw, 186px\" \/><\/a><\/figure><div class=\"elementor-image-box-content\"><h3 class=\"elementor-image-box-title\"><a href=\"https:\/\/www.desag-holding.de\/de\/\" target=\"_blank\">DESAG <\/a><\/h3><p class=\"elementor-image-box-description\">as a regional railway company, will provide infrastructure and vehicles for measurements and ensure the practicality of pre-competitive developments as a potential user and multiplier.<\/p><\/div><\/div>\t\t\t\t<\/div>\n\t\t\t\t<\/div>\n\t\t\t\t<\/div>\n\t\t\t\t<\/div>\n\t\t\t\t<div class=\"elementor-element elementor-element-00e1bf7 elementor-widget-divider--view-line elementor-widget elementor-widget-divider\" data-id=\"00e1bf7\" data-element_type=\"widget\" data-widget_type=\"divider.default\">\n\t\t\t\t<div class=\"elementor-widget-container\">\n\t\t\t\t\t\t\t<div class=\"elementor-divider\">\n\t\t\t<span class=\"elementor-divider-separator\">\n\t\t\t\t\t\t<\/span>\n\t\t<\/div>\n\t\t\t\t\t\t<\/div>\n\t\t\t\t<\/div>\n\t\t\t\t<\/div>\n\t\t\t\t\t<\/div>\n\t\t\t\t<\/div>\n\t\t\t\t<\/div>","protected":false},"excerpt":{"rendered":"<p>Das Konsortium Projektpartner A+S Consult GmbH FuE (Verbundkoordinator) ist ein Ingenieur- und Softwareunternehmen im Bereich der Verkehrs- und Infrastrukturplanung. Die BIM-Plattform KorFin\u00ae soll im Projekt um Echtzeitverarbeitung, Berechnung von Schallschutzma\u00dfnahmen, Auralisation und KI-gest\u00fctzte Auswertung erweitert werden. M\u00f6hler + Partner Ingenieure GmbH ist auf den Gebieten Verkehrsl\u00e4rmschutz, Ersch\u00fctterungsschutz, Immissionsschutz und Psychoakustik aktiv. Die Aufgaben im Projekt [&hellip;]<\/p>","protected":false},"author":2,"featured_media":0,"parent":0,"menu_order":10,"comment_status":"closed","ping_status":"closed","template":"","meta":{"footnotes":""},"class_list":["post-37862","page","type-page","status-publish","hentry"],"yoast_head":"<!-- This site is optimized with the Yoast SEO plugin v26.5 - https:\/\/yoast.com\/wordpress\/plugins\/seo\/ -->\n<title>Konsortium - EAV Infra<\/title>\n<meta name=\"robots\" content=\"index, follow, max-snippet:-1, max-image-preview:large, max-video-preview:-1\" \/>\n<link rel=\"canonical\" href=\"https:\/\/www.eav-infra.de\/en\/consortium\/\" \/>\n<meta property=\"og:locale\" content=\"en_US\" \/>\n<meta property=\"og:type\" content=\"article\" \/>\n<meta property=\"og:title\" content=\"Konsortium - EAV Infra\" \/>\n<meta property=\"og:description\" content=\"Das Konsortium Projektpartner A+S Consult GmbH FuE (Verbundkoordinator) ist ein Ingenieur- und Softwareunternehmen im Bereich der Verkehrs- und Infrastrukturplanung. Die BIM-Plattform KorFin\u00ae soll im Projekt um Echtzeitverarbeitung, Berechnung von Schallschutzma\u00dfnahmen, Auralisation und KI-gest\u00fctzte Auswertung erweitert werden. M\u00f6hler + Partner Ingenieure GmbH ist auf den Gebieten Verkehrsl\u00e4rmschutz, Ersch\u00fctterungsschutz, Immissionsschutz und Psychoakustik aktiv. Die Aufgaben im Projekt [&hellip;]\" \/>\n<meta property=\"og:url\" content=\"https:\/\/www.eav-infra.de\/en\/consortium\/\" \/>\n<meta property=\"og:site_name\" content=\"EAV Infra\" \/>\n<meta property=\"article:modified_time\" content=\"2023-11-23T16:30:24+00:00\" \/>\n<meta property=\"og:image\" content=\"https:\/\/www.eav-infra.de\/wp-content\/uploads\/2023\/09\/logo_fahne_apluss-e1694686336836.png\" \/>\n<meta name=\"twitter:card\" content=\"summary_large_image\" \/>\n<meta name=\"twitter:label1\" content=\"Est. reading time\" \/>\n\t<meta name=\"twitter:data1\" content=\"2 minutes\" \/>\n<script type=\"application\/ld+json\" class=\"yoast-schema-graph\">{\"@context\":\"https:\/\/schema.org\",\"@graph\":[{\"@type\":\"WebPage\",\"@id\":\"https:\/\/www.eav-infra.de\/konsortium\/\",\"url\":\"https:\/\/www.eav-infra.de\/konsortium\/\",\"name\":\"Konsortium - EAV Infra\",\"isPartOf\":{\"@id\":\"https:\/\/www.eav-infra.de\/#website\"},\"primaryImageOfPage\":{\"@id\":\"https:\/\/www.eav-infra.de\/konsortium\/#primaryimage\"},\"image\":{\"@id\":\"https:\/\/www.eav-infra.de\/konsortium\/#primaryimage\"},\"thumbnailUrl\":\"https:\/\/www.eav-infra.de\/wp-content\/uploads\/2023\/09\/logo_fahne_apluss-e1694686336836.png\",\"datePublished\":\"2022-07-07T11:52:12+00:00\",\"dateModified\":\"2023-11-23T16:30:24+00:00\",\"breadcrumb\":{\"@id\":\"https:\/\/www.eav-infra.de\/konsortium\/#breadcrumb\"},\"inLanguage\":\"en-US\",\"potentialAction\":[{\"@type\":\"ReadAction\",\"target\":[\"https:\/\/www.eav-infra.de\/konsortium\/\"]}]},{\"@type\":\"ImageObject\",\"inLanguage\":\"en-US\",\"@id\":\"https:\/\/www.eav-infra.de\/konsortium\/#primaryimage\",\"url\":\"https:\/\/www.eav-infra.de\/wp-content\/uploads\/2023\/09\/logo_fahne_apluss-e1694686336836.png\",\"contentUrl\":\"https:\/\/www.eav-infra.de\/wp-content\/uploads\/2023\/09\/logo_fahne_apluss-e1694686336836.png\"},{\"@type\":\"BreadcrumbList\",\"@id\":\"https:\/\/www.eav-infra.de\/konsortium\/#breadcrumb\",\"itemListElement\":[{\"@type\":\"ListItem\",\"position\":1,\"name\":\"Das ToHyVe-Projekt\",\"item\":\"https:\/\/www.eav-infra.de\/\"},{\"@type\":\"ListItem\",\"position\":2,\"name\":\"Konsortium\"}]},{\"@type\":\"WebSite\",\"@id\":\"https:\/\/www.eav-infra.de\/#website\",\"url\":\"https:\/\/www.eav-infra.de\/\",\"name\":\"EAV Infra\",\"description\":\"\",\"publisher\":{\"@id\":\"https:\/\/www.eav-infra.de\/#organization\"},\"potentialAction\":[{\"@type\":\"SearchAction\",\"target\":{\"@type\":\"EntryPoint\",\"urlTemplate\":\"https:\/\/www.eav-infra.de\/?s={search_term_string}\"},\"query-input\":{\"@type\":\"PropertyValueSpecification\",\"valueRequired\":true,\"valueName\":\"search_term_string\"}}],\"inLanguage\":\"en-US\"},{\"@type\":\"Organization\",\"@id\":\"https:\/\/www.eav-infra.de\/#organization\",\"name\":\"EAV Infra\",\"url\":\"https:\/\/www.eav-infra.de\/\",\"logo\":{\"@type\":\"ImageObject\",\"inLanguage\":\"en-US\",\"@id\":\"https:\/\/www.eav-infra.de\/#\/schema\/logo\/image\/\",\"url\":\"https:\/\/www.eav-infra.de\/wp-content\/uploads\/2022\/11\/20221018-EAV-INFRA-LOGO.png\",\"contentUrl\":\"https:\/\/www.eav-infra.de\/wp-content\/uploads\/2022\/11\/20221018-EAV-INFRA-LOGO.png\",\"width\":681,\"height\":160,\"caption\":\"EAV Infra\"},\"image\":{\"@id\":\"https:\/\/www.eav-infra.de\/#\/schema\/logo\/image\/\"}}]}<\/script>\n<!-- \/ Yoast SEO plugin. -->","yoast_head_json":{"title":"Konsortium - EAV Infra","robots":{"index":"index","follow":"follow","max-snippet":"max-snippet:-1","max-image-preview":"max-image-preview:large","max-video-preview":"max-video-preview:-1"},"canonical":"https:\/\/www.eav-infra.de\/en\/consortium\/","og_locale":"en_US","og_type":"article","og_title":"Konsortium - EAV Infra","og_description":"Das Konsortium Projektpartner A+S Consult GmbH FuE (Verbundkoordinator) ist ein Ingenieur- und Softwareunternehmen im Bereich der Verkehrs- und Infrastrukturplanung. Die BIM-Plattform KorFin\u00ae soll im Projekt um Echtzeitverarbeitung, Berechnung von Schallschutzma\u00dfnahmen, Auralisation und KI-gest\u00fctzte Auswertung erweitert werden. M\u00f6hler + Partner Ingenieure GmbH ist auf den Gebieten Verkehrsl\u00e4rmschutz, Ersch\u00fctterungsschutz, Immissionsschutz und Psychoakustik aktiv. Die Aufgaben im Projekt [&hellip;]","og_url":"https:\/\/www.eav-infra.de\/en\/consortium\/","og_site_name":"EAV Infra","article_modified_time":"2023-11-23T16:30:24+00:00","og_image":[{"url":"https:\/\/www.eav-infra.de\/wp-content\/uploads\/2023\/09\/logo_fahne_apluss-e1694686336836.png","type":"","width":"","height":""}],"twitter_card":"summary_large_image","twitter_misc":{"Est. reading time":"2 minutes"},"schema":{"@context":"https:\/\/schema.org","@graph":[{"@type":"WebPage","@id":"https:\/\/www.eav-infra.de\/konsortium\/","url":"https:\/\/www.eav-infra.de\/konsortium\/","name":"Konsortium - EAV Infra","isPartOf":{"@id":"https:\/\/www.eav-infra.de\/#website"},"primaryImageOfPage":{"@id":"https:\/\/www.eav-infra.de\/konsortium\/#primaryimage"},"image":{"@id":"https:\/\/www.eav-infra.de\/konsortium\/#primaryimage"},"thumbnailUrl":"https:\/\/www.eav-infra.de\/wp-content\/uploads\/2023\/09\/logo_fahne_apluss-e1694686336836.png","datePublished":"2022-07-07T11:52:12+00:00","dateModified":"2023-11-23T16:30:24+00:00","breadcrumb":{"@id":"https:\/\/www.eav-infra.de\/konsortium\/#breadcrumb"},"inLanguage":"en-US","potentialAction":[{"@type":"ReadAction","target":["https:\/\/www.eav-infra.de\/konsortium\/"]}]},{"@type":"ImageObject","inLanguage":"en-US","@id":"https:\/\/www.eav-infra.de\/konsortium\/#primaryimage","url":"https:\/\/www.eav-infra.de\/wp-content\/uploads\/2023\/09\/logo_fahne_apluss-e1694686336836.png","contentUrl":"https:\/\/www.eav-infra.de\/wp-content\/uploads\/2023\/09\/logo_fahne_apluss-e1694686336836.png"},{"@type":"BreadcrumbList","@id":"https:\/\/www.eav-infra.de\/konsortium\/#breadcrumb","itemListElement":[{"@type":"ListItem","position":1,"name":"Das ToHyVe-Projekt","item":"https:\/\/www.eav-infra.de\/"},{"@type":"ListItem","position":2,"name":"Konsortium"}]},{"@type":"WebSite","@id":"https:\/\/www.eav-infra.de\/#website","url":"https:\/\/www.eav-infra.de\/","name":"EAV Infra","description":"","publisher":{"@id":"https:\/\/www.eav-infra.de\/#organization"},"potentialAction":[{"@type":"SearchAction","target":{"@type":"EntryPoint","urlTemplate":"https:\/\/www.eav-infra.de\/?s={search_term_string}"},"query-input":{"@type":"PropertyValueSpecification","valueRequired":true,"valueName":"search_term_string"}}],"inLanguage":"en-US"},{"@type":"Organization","@id":"https:\/\/www.eav-infra.de\/#organization","name":"EAV Infra","url":"https:\/\/www.eav-infra.de\/","logo":{"@type":"ImageObject","inLanguage":"en-US","@id":"https:\/\/www.eav-infra.de\/#\/schema\/logo\/image\/","url":"https:\/\/www.eav-infra.de\/wp-content\/uploads\/2022\/11\/20221018-EAV-INFRA-LOGO.png","contentUrl":"https:\/\/www.eav-infra.de\/wp-content\/uploads\/2022\/11\/20221018-EAV-INFRA-LOGO.png","width":681,"height":160,"caption":"EAV Infra"},"image":{"@id":"https:\/\/www.eav-infra.de\/#\/schema\/logo\/image\/"}}]}},"_links":{"self":[{"href":"https:\/\/www.eav-infra.de\/en\/wp-json\/wp\/v2\/pages\/37862","targetHints":{"allow":["GET"]}}],"collection":[{"href":"https:\/\/www.eav-infra.de\/en\/wp-json\/wp\/v2\/pages"}],"about":[{"href":"https:\/\/www.eav-infra.de\/en\/wp-json\/wp\/v2\/types\/page"}],"author":[{"embeddable":true,"href":"https:\/\/www.eav-infra.de\/en\/wp-json\/wp\/v2\/users\/2"}],"replies":[{"embeddable":true,"href":"https:\/\/www.eav-infra.de\/en\/wp-json\/wp\/v2\/comments?post=37862"}],"version-history":[{"count":937,"href":"https:\/\/www.eav-infra.de\/en\/wp-json\/wp\/v2\/pages\/37862\/revisions"}],"predecessor-version":[{"id":44465,"href":"https:\/\/www.eav-infra.de\/en\/wp-json\/wp\/v2\/pages\/37862\/revisions\/44465"}],"wp:attachment":[{"href":"https:\/\/www.eav-infra.de\/en\/wp-json\/wp\/v2\/media?parent=37862"}],"curies":[{"name":"wp","href":"https:\/\/api.w.org\/{rel}","templated":true}]}}