{"id":44578,"date":"2026-05-04T09:44:43","date_gmt":"2026-05-04T07:44:43","guid":{"rendered":"https:\/\/www.eav-infra.de\/?page_id=44578"},"modified":"2026-05-04T09:44:44","modified_gmt":"2026-05-04T07:44:44","slug":"impressum","status":"publish","type":"page","link":"https:\/\/www.eav-infra.de\/en\/impressum\/","title":{"rendered":"Impressum"},"content":{"rendered":"<p>    <\/p>\n\n\n\n<p><strong>Fraunhofer-Institut f\u00fcr Nachrichtentechnik<\/strong><\/p>\n\n\n\n<p>Heinrich-Hertz-Institut<br>Einsteinufer 37<br>10587 Berlin<br><br>Tel. +49 30 31002-0<br>Fax +49 30 31002-213<br><br>ist eine rechtlich nicht selbst\u00e4ndige Einrichtung der<br><br>Fraunhofer-Gesellschaft zur F\u00f6rderung der angewandten Forschung e.V.<br><br>Hansastra\u00dfe 27 c<br>80686 M\u00fcnchen<br><br>Tel. +49 89 1205-0<br>Fax +49 89 1205-7531<br><a href=\"https:\/\/www.fraunhofer.de\/\" target=\"_blank\" rel=\"noreferrer noopener\">www.fraunhofer.de<\/a><br><br>Verantwortlicher Redakteur:&nbsp;<a href=\"mailto:timon.meyer@hhi.fraunhofer.de\">Timon Meyer<\/a><\/p>\n\n\n\n<p><strong>Umsatzsteuer-Identifikationsnummer<\/strong>&nbsp;gem\u00e4\u00df \u00a7 27 a Umsatzsteuergesetz:&nbsp;<strong>DE 129515865<\/strong><\/p>\n\n\n\n<h3 class=\"wp-block-heading\">Registergericht<\/h3>\n\n\n\n<p>Amtsgericht M\u00fcnchen (district court)<br>Eingetragener Verein<br>Register-Nr. VR 4461<\/p>\n\n\n\n<h3 class=\"wp-block-heading\">Vorstand<\/h3>\n\n\n\n<p><strong>Prof. Dr.-Ing. Holger Hanselka<\/strong><br>Pr\u00e4sident<strong>&nbsp;<\/strong>| Vorstandsressort Unternehmensstrategie und -kommunikation<br><br><strong>Prof. Dr. Constantin H\u00e4fner<\/strong><br>Vorstandsressort VA Forschung und Transfer<br><br><strong>Prof. Dr. Axel M\u00fcller-Groeling<\/strong><br>Vorstandsressort VB Forschungsinfrastrukturen und Digitalisierung<br><br><strong>Elisabeth Ewen<\/strong><br>Vorstandsressort VC Personal,<strong>&nbsp;<\/strong>Unternehmenskultur<strong>&nbsp;<\/strong>und Recht<br><br><strong>Dr. Sandra Krey<\/strong><br>Vorstandsressort VD Finanzen und Controlling<\/p>\n\n\n\n<h3 class=\"wp-block-heading\">Nutzungsrechte<\/h3>\n\n\n\n<p>Copyright \u00a9 by Fraunhofer-Gesellschaft<br>Alle Rechte vorbehalten.<br>Die Urheberrechte dieser Webseite liegen vollst\u00e4ndig bei der Fraunhofer-Gesellschaft<br>Ein Download oder Ausdruck dieser Ver\u00f6ffentlichungen ist ausschlie\u00dflich f\u00fcr den pers\u00f6nlichen Gebrauch gestattet. Alle dar\u00fcber hinaus gehenden Verwendungen, insbesondere die kommerzielle Nutzung und Verbreitung, sind grunds\u00e4tzlich nicht gestattet und bed\u00fcrfen der schriftlichen Genehmigung. Anfragen richten Sie bitte an folgende Adresse:<br>Fraunhofer-Institut f\u00fcr Nachrichtentechnik<br>Heinrich-Hertz-Institut<br>Einsteinufer 37<br>10587 Berlin<br>Tel. +49 30 31002-0<br>Fax +49 30 31002-213<br>Ein Download oder Ausdruck ist dar\u00fcber hinaus lediglich zum Zweck der Berichterstattung \u00fcber die Fraunhofer-Gesellschaft und Ihrer Institute nach Ma\u00dfgabe untenstehender Nutzungsbedingungen gestattet:<br>Grafische Ver\u00e4nderungen an Bildmotiven \u2013 au\u00dfer zum Freistellen des Hauptmotivs \u2013 sind nicht gestattet. Es ist stets die Quellenangabe und \u00dcbersendung von zwei kostenlosen Belegexemplaren an die oben genannte Adresse erforderlich. Die Verwendung ist honorarfrei.<\/p>\n\n\n\n<h3 class=\"wp-block-heading\">Bildnachweise<\/h3>\n\n\n\n<p>Die folgenden Teaser-Bilder finden sich auf der Startseite und Unterseiten und haben die jeweiligen Urheber: \u201eAktuelle Stellenausschreibungen\u201c (istockphoto.com\/laflor), \u201eHerausforderungen und Mission\u201c (shutterstock.com\/BelleMedia), \u201e\u00dcber uns\u201c (Fraunhofer HHI\/Johannes Stoll), \u201ePersonen und Kontakt\u201c (\u00a9 Rawpixel &#8211; Fotolia.com), \u201ePublikationen\u201c (\u00a9 connel_design &#8211; Fotolia.com),&nbsp; \u201eForschungsgruppen\u201c (\u00a9 Rawpixel &#8211; Fotolia.com), \u201eVision and Imaging Technologies &#8211; Projekte\u201c (\u00a9 Danil Melekhin &#8211; istockphoto.com), \u201eHHI in USA\u201c (\u00a9 Tono Balaguer &#8211; Fotolia.com), \u201ePresse und Medien\u201c (\u00a9 adogg &#8211; Fotolia.com), \u201eVision and Imaging Technologies &#8211; Technologien und L\u00f6sungen\u201c (\u00a9 Africa Studio &#8211; Fotolia.com), \u201eVision and Imaging Technologies &#8211; Computer Vision und Grafik\u201c (\u00a9 Blend Images &#8211; Fotolia.com), \u201eVision and Imaging Technologies &#8211; Real Time Stitching Engine\u201c (\u00a9 Carl Zeiss AG), \u201eVideokodierung und Maschinelles Lernen &#8211; Multimediakommunikation &#8211; Projekte\u201c (\u00a9 ra2studio &#8211; Fotolia.com), \u201eVideokodierung und Maschinelles Lernen &#8211; Bild- und Videokodierung &#8211; Projekte\u201c (\u00a9 vins_m &#8211; iStockphoto.com), \u201eVideokodierung und Maschinelles Lernen &#8211; Bild- und Videokodierung\u201c (\u00a9 vege &#8211; fotolia.com), \u201eVideokodierung und Maschinelles Lernen &#8211; Eingebettete Systeme\u201c (\u00a9 Sashkin &#8211; iStockphoto.com), \u201eVideokodierung und Maschinelles Lernen &#8211; Maschinelles Lernen\u201c (\u00a9 Petrovich9 &#8211; iStockphoto.com), \u201eAbteilungen Technologien und L\u00f6sungen\u201c (\u00a9 Sergey Nivens &#8211; Fotolia.com), \u201eAbteilungen Projekte\u201c (\u00a9 chinaface &#8211; iStockphoto.com), &#8222;Photonische Komponenten &#8211; IC Design&#8220; (\u00a9 mihaperosa &#8211; Fotolia.com).<\/p>\n\n\n\n<h3 class=\"wp-block-heading\">Haftungshinweis<\/h3>\n\n\n\n<p>Wir \u00fcbernehmen keine Haftung f\u00fcr die Inhalte externer Links. F\u00fcr den Inhalt der verlinkten Seiten sind ausschlie\u00dflich deren Betreiber verantwortlich.<br><br>Wir sind bem\u00fcht, das Webangebot stets aktuell und inhaltlich richtig sowie vollst\u00e4ndig anzubieten. Dennoch ist das Auftreten von Fehlern nicht v\u00f6llig auszuschlie\u00dfen. Das Fraunhofer-Institut bzw. die Fraunhofer-Gesellschaft \u00fcbernimmt keine Haftung f\u00fcr die Aktualit\u00e4t, die inhaltliche Richtigkeit sowie f\u00fcr die Vollst\u00e4ndigkeit der in ihrem Webangebot eingestellten Informationen. Dies bezieht sich auf eventuelle Sch\u00e4den materieller oder ideeller Art Dritter, die durch die Nutzung dieses Webangebotes verursacht wurden.<br><br>Gesch\u00fctzte Marken und Namen, Bilder und Texte werden auf unseren Seiten in der Regel nicht als solche kenntlich gemacht. Das Fehlen einer solchen Kennzeichnung bedeutet jedoch nicht, dass es sich um einen freien Namen, ein freies Bild oder einen freien Text im Sinne des Markenzeichenrechts handelt.<\/p>\n\n\n\n<p><\/p>","protected":false},"excerpt":{"rendered":"<p>Fraunhofer-Institut f\u00fcr Nachrichtentechnik Heinrich-Hertz-InstitutEinsteinufer 3710587 Berlin Tel. +49 30 31002-0Fax +49 30 31002-213 ist eine rechtlich nicht selbst\u00e4ndige Einrichtung der Fraunhofer-Gesellschaft zur F\u00f6rderung der angewandten Forschung e.V. Hansastra\u00dfe 27 c80686 M\u00fcnchen Tel. +49 89 1205-0Fax +49 89 1205-7531www.fraunhofer.de Verantwortlicher Redakteur:&nbsp;Timon Meyer Umsatzsteuer-Identifikationsnummer&nbsp;gem\u00e4\u00df \u00a7 27 a Umsatzsteuergesetz:&nbsp;DE 129515865 Registergericht Amtsgericht M\u00fcnchen (district court)Eingetragener VereinRegister-Nr. VR 4461 [&hellip;]<\/p>","protected":false},"author":11,"featured_media":0,"parent":0,"menu_order":0,"comment_status":"closed","ping_status":"closed","template":"","meta":{"footnotes":""},"class_list":["post-44578","page","type-page","status-publish","hentry"],"yoast_head":"<!-- This site is optimized with the Yoast SEO plugin v26.5 - https:\/\/yoast.com\/wordpress\/plugins\/seo\/ -->\n<title>Impressum - EAV Infra<\/title>\n<meta name=\"robots\" content=\"index, follow, max-snippet:-1, max-image-preview:large, max-video-preview:-1\" \/>\n<link rel=\"canonical\" href=\"https:\/\/www.eav-infra.de\/en\/impressum\/\" \/>\n<meta property=\"og:locale\" content=\"en_US\" \/>\n<meta property=\"og:type\" content=\"article\" \/>\n<meta property=\"og:title\" content=\"Impressum - EAV Infra\" \/>\n<meta property=\"og:description\" content=\"Fraunhofer-Institut f\u00fcr Nachrichtentechnik Heinrich-Hertz-InstitutEinsteinufer 3710587 Berlin Tel. +49 30 31002-0Fax +49 30 31002-213 ist eine rechtlich nicht selbst\u00e4ndige Einrichtung der Fraunhofer-Gesellschaft zur F\u00f6rderung der angewandten Forschung e.V. Hansastra\u00dfe 27 c80686 M\u00fcnchen Tel. +49 89 1205-0Fax +49 89 1205-7531www.fraunhofer.de Verantwortlicher Redakteur:&nbsp;Timon Meyer Umsatzsteuer-Identifikationsnummer&nbsp;gem\u00e4\u00df \u00a7 27 a Umsatzsteuergesetz:&nbsp;DE 129515865 Registergericht Amtsgericht M\u00fcnchen (district court)Eingetragener VereinRegister-Nr. VR 4461 [&hellip;]\" \/>\n<meta property=\"og:url\" content=\"https:\/\/www.eav-infra.de\/en\/impressum\/\" \/>\n<meta property=\"og:site_name\" content=\"EAV Infra\" \/>\n<meta property=\"article:modified_time\" content=\"2026-05-04T07:44:44+00:00\" \/>\n<meta name=\"twitter:card\" content=\"summary_large_image\" \/>\n<meta name=\"twitter:label1\" content=\"Est. reading time\" \/>\n\t<meta name=\"twitter:data1\" content=\"4 minutes\" \/>\n<script type=\"application\/ld+json\" class=\"yoast-schema-graph\">{\"@context\":\"https:\/\/schema.org\",\"@graph\":[{\"@type\":\"WebPage\",\"@id\":\"https:\/\/www.eav-infra.de\/impressum\/\",\"url\":\"https:\/\/www.eav-infra.de\/impressum\/\",\"name\":\"Impressum - EAV Infra\",\"isPartOf\":{\"@id\":\"https:\/\/www.eav-infra.de\/#website\"},\"datePublished\":\"2026-05-04T07:44:43+00:00\",\"dateModified\":\"2026-05-04T07:44:44+00:00\",\"breadcrumb\":{\"@id\":\"https:\/\/www.eav-infra.de\/impressum\/#breadcrumb\"},\"inLanguage\":\"en-US\",\"potentialAction\":[{\"@type\":\"ReadAction\",\"target\":[\"https:\/\/www.eav-infra.de\/impressum\/\"]}]},{\"@type\":\"BreadcrumbList\",\"@id\":\"https:\/\/www.eav-infra.de\/impressum\/#breadcrumb\",\"itemListElement\":[{\"@type\":\"ListItem\",\"position\":1,\"name\":\"Das ToHyVe-Projekt\",\"item\":\"https:\/\/www.eav-infra.de\/\"},{\"@type\":\"ListItem\",\"position\":2,\"name\":\"Impressum\"}]},{\"@type\":\"WebSite\",\"@id\":\"https:\/\/www.eav-infra.de\/#website\",\"url\":\"https:\/\/www.eav-infra.de\/\",\"name\":\"EAV Infra\",\"description\":\"\",\"publisher\":{\"@id\":\"https:\/\/www.eav-infra.de\/#organization\"},\"potentialAction\":[{\"@type\":\"SearchAction\",\"target\":{\"@type\":\"EntryPoint\",\"urlTemplate\":\"https:\/\/www.eav-infra.de\/?s={search_term_string}\"},\"query-input\":{\"@type\":\"PropertyValueSpecification\",\"valueRequired\":true,\"valueName\":\"search_term_string\"}}],\"inLanguage\":\"en-US\"},{\"@type\":\"Organization\",\"@id\":\"https:\/\/www.eav-infra.de\/#organization\",\"name\":\"EAV Infra\",\"url\":\"https:\/\/www.eav-infra.de\/\",\"logo\":{\"@type\":\"ImageObject\",\"inLanguage\":\"en-US\",\"@id\":\"https:\/\/www.eav-infra.de\/#\/schema\/logo\/image\/\",\"url\":\"https:\/\/www.eav-infra.de\/wp-content\/uploads\/2022\/11\/20221018-EAV-INFRA-LOGO.png\",\"contentUrl\":\"https:\/\/www.eav-infra.de\/wp-content\/uploads\/2022\/11\/20221018-EAV-INFRA-LOGO.png\",\"width\":681,\"height\":160,\"caption\":\"EAV Infra\"},\"image\":{\"@id\":\"https:\/\/www.eav-infra.de\/#\/schema\/logo\/image\/\"}}]}<\/script>\n<!-- \/ Yoast SEO plugin. -->","yoast_head_json":{"title":"Impressum - EAV Infra","robots":{"index":"index","follow":"follow","max-snippet":"max-snippet:-1","max-image-preview":"max-image-preview:large","max-video-preview":"max-video-preview:-1"},"canonical":"https:\/\/www.eav-infra.de\/en\/impressum\/","og_locale":"en_US","og_type":"article","og_title":"Impressum - EAV Infra","og_description":"Fraunhofer-Institut f\u00fcr Nachrichtentechnik Heinrich-Hertz-InstitutEinsteinufer 3710587 Berlin Tel. +49 30 31002-0Fax +49 30 31002-213 ist eine rechtlich nicht selbst\u00e4ndige Einrichtung der Fraunhofer-Gesellschaft zur F\u00f6rderung der angewandten Forschung e.V. Hansastra\u00dfe 27 c80686 M\u00fcnchen Tel. +49 89 1205-0Fax +49 89 1205-7531www.fraunhofer.de Verantwortlicher Redakteur:&nbsp;Timon Meyer Umsatzsteuer-Identifikationsnummer&nbsp;gem\u00e4\u00df \u00a7 27 a Umsatzsteuergesetz:&nbsp;DE 129515865 Registergericht Amtsgericht M\u00fcnchen (district court)Eingetragener VereinRegister-Nr. VR 4461 [&hellip;]","og_url":"https:\/\/www.eav-infra.de\/en\/impressum\/","og_site_name":"EAV Infra","article_modified_time":"2026-05-04T07:44:44+00:00","twitter_card":"summary_large_image","twitter_misc":{"Est. reading time":"4 minutes"},"schema":{"@context":"https:\/\/schema.org","@graph":[{"@type":"WebPage","@id":"https:\/\/www.eav-infra.de\/impressum\/","url":"https:\/\/www.eav-infra.de\/impressum\/","name":"Impressum - EAV Infra","isPartOf":{"@id":"https:\/\/www.eav-infra.de\/#website"},"datePublished":"2026-05-04T07:44:43+00:00","dateModified":"2026-05-04T07:44:44+00:00","breadcrumb":{"@id":"https:\/\/www.eav-infra.de\/impressum\/#breadcrumb"},"inLanguage":"en-US","potentialAction":[{"@type":"ReadAction","target":["https:\/\/www.eav-infra.de\/impressum\/"]}]},{"@type":"BreadcrumbList","@id":"https:\/\/www.eav-infra.de\/impressum\/#breadcrumb","itemListElement":[{"@type":"ListItem","position":1,"name":"Das ToHyVe-Projekt","item":"https:\/\/www.eav-infra.de\/"},{"@type":"ListItem","position":2,"name":"Impressum"}]},{"@type":"WebSite","@id":"https:\/\/www.eav-infra.de\/#website","url":"https:\/\/www.eav-infra.de\/","name":"EAV Infra","description":"","publisher":{"@id":"https:\/\/www.eav-infra.de\/#organization"},"potentialAction":[{"@type":"SearchAction","target":{"@type":"EntryPoint","urlTemplate":"https:\/\/www.eav-infra.de\/?s={search_term_string}"},"query-input":{"@type":"PropertyValueSpecification","valueRequired":true,"valueName":"search_term_string"}}],"inLanguage":"en-US"},{"@type":"Organization","@id":"https:\/\/www.eav-infra.de\/#organization","name":"EAV Infra","url":"https:\/\/www.eav-infra.de\/","logo":{"@type":"ImageObject","inLanguage":"en-US","@id":"https:\/\/www.eav-infra.de\/#\/schema\/logo\/image\/","url":"https:\/\/www.eav-infra.de\/wp-content\/uploads\/2022\/11\/20221018-EAV-INFRA-LOGO.png","contentUrl":"https:\/\/www.eav-infra.de\/wp-content\/uploads\/2022\/11\/20221018-EAV-INFRA-LOGO.png","width":681,"height":160,"caption":"EAV Infra"},"image":{"@id":"https:\/\/www.eav-infra.de\/#\/schema\/logo\/image\/"}}]}},"_links":{"self":[{"href":"https:\/\/www.eav-infra.de\/en\/wp-json\/wp\/v2\/pages\/44578","targetHints":{"allow":["GET"]}}],"collection":[{"href":"https:\/\/www.eav-infra.de\/en\/wp-json\/wp\/v2\/pages"}],"about":[{"href":"https:\/\/www.eav-infra.de\/en\/wp-json\/wp\/v2\/types\/page"}],"author":[{"embeddable":true,"href":"https:\/\/www.eav-infra.de\/en\/wp-json\/wp\/v2\/users\/11"}],"replies":[{"embeddable":true,"href":"https:\/\/www.eav-infra.de\/en\/wp-json\/wp\/v2\/comments?post=44578"}],"version-history":[{"count":3,"href":"https:\/\/www.eav-infra.de\/en\/wp-json\/wp\/v2\/pages\/44578\/revisions"}],"predecessor-version":[{"id":44581,"href":"https:\/\/www.eav-infra.de\/en\/wp-json\/wp\/v2\/pages\/44578\/revisions\/44581"}],"wp:attachment":[{"href":"https:\/\/www.eav-infra.de\/en\/wp-json\/wp\/v2\/media?parent=44578"}],"curies":[{"name":"wp","href":"https:\/\/api.w.org\/{rel}","templated":true}]}}